{"id":69,"date":"2012-07-11T16:12:00","date_gmt":"2012-07-11T13:12:00","guid":{"rendered":"http:\/\/www.recepaydogdu.com\/?page_id=69"},"modified":"2020-04-10T17:31:24","modified_gmt":"2020-04-10T14:31:24","slug":"giris","status":"publish","type":"page","link":"https:\/\/www.recepaydogdu.com\/","title":{"rendered":"Giri\u015f"},"content":{"rendered":"<p style=\"text-align: justify;\"><a href=\"http:\/\/www.recepaydogdu.com\/wp-content\/uploads\/2012\/07\/Derbent-genel.jpg\"><img decoding=\"async\" loading=\"lazy\" class=\"aligncenter wp-image-78 size-full\" title=\"Derbent K\u00f6y\u00fc\" src=\"http:\/\/www.recepaydogdu.com\/wp-content\/uploads\/2012\/07\/Derbent-genel.jpg\" width=\"1181\" height=\"445\" srcset=\"https:\/\/www.recepaydogdu.com\/wp-content\/uploads\/2012\/07\/Derbent-genel.jpg 1181w, https:\/\/www.recepaydogdu.com\/wp-content\/uploads\/2012\/07\/Derbent-genel-300x113.jpg 300w, https:\/\/www.recepaydogdu.com\/wp-content\/uploads\/2012\/07\/Derbent-genel-1024x385.jpg 1024w\" sizes=\"(max-width: 1181px) 100vw, 1181px\" \/><\/a><\/p>\n<p>&nbsp;<\/p>\n<p style=\"text-align: justify;\">Osmanl\u0131&#8217;n\u0131n kurulu\u015f d\u00f6neminden bu yana, yak\u0131n co\u011frafya ve y\u00f6netimsel hiyerar\u015fi nedeniyle K\u00fctahya ve Bursa tarihinin ve k\u00fclt\u00fcr\u00fcn\u00fcn birbirinden ayr\u0131lmaz par\u00e7alar oldu\u011funu m\u00fc\u015fahede ettim. Yaz\u0131lar\u0131mda K\u00fctahya&#8217;n\u0131n Tav\u015fanl\u0131 ve Domani\u00e7 \u0130l\u00e7eleri ile Bursa&#8217;n\u0131n Keles, Orhaneli, Harmanc\u0131k ve B\u00fcy\u00fckorhan \u0130l\u00e7eleri ve ba\u011fl\u0131 k\u00f6ylerini konu ald\u0131m. Biri do\u011fdu\u011fum, di\u011feri doydu\u011fum yerdir. Amac\u0131m, ekonomik nedenlerle g\u00f6\u00e7 eden bu y\u00f6renin insanlar\u0131n\u0131n kendi topraklar\u0131nda kar\u0131nlar\u0131n\u0131 doyurmalar\u0131n\u0131 ve \u00f6zenilecek bu yerlerde mutlu ya\u015famalar\u0131n\u0131 temin etmelerinde rehberlik etmek, bu y\u00f6relerin bir evlad\u0131 olarak do\u011fdu\u011fum ve doydu\u011fum topraklar\u0131n insanlar\u0131na vefa borcumu \u00f6demektir.<\/p>\n<p>&nbsp;<\/p>\n<p style=\"text-align: right;\">Dt. Recep Aydo\u011fdu<\/p>\n<p>&nbsp;<\/p>\n<p>&nbsp;<\/p>\n<p>&nbsp;<\/p>\n<p>&nbsp;<\/p>\n<p>&nbsp;<\/p>\n","protected":false},"excerpt":{"rendered":"<p>&nbsp; Osmanl\u0131&#8217;n\u0131n kurulu\u015f d\u00f6neminden bu yana, yak\u0131n co\u011frafya ve y\u00f6netimsel hiyerar\u015fi nedeniyle K\u00fctahya ve Bursa tarihinin ve k\u00fclt\u00fcr\u00fcn\u00fcn birbirinden ayr\u0131lmaz par\u00e7alar oldu\u011funu m\u00fc\u015fahede ettim. Yaz\u0131lar\u0131mda K\u00fctahya&#8217;n\u0131n Tav\u015fanl\u0131 ve Domani\u00e7 \u0130l\u00e7eleri ile Bursa&#8217;n\u0131n Keles, Orhaneli, Harmanc\u0131k ve B\u00fcy\u00fckorhan \u0130l\u00e7eleri ve ba\u011fl\u0131 k\u00f6ylerini konu ald\u0131m. Biri do\u011fdu\u011fum, di\u011feri doydu\u011fum yerdir. Amac\u0131m, ekonomik nedenlerle g\u00f6\u00e7 eden bu y\u00f6renin [&hellip;]<\/p>\n","protected":false},"author":1,"featured_media":0,"parent":0,"menu_order":1,"comment_status":"closed","ping_status":"open","template":"","meta":[],"_links":{"self":[{"href":"https:\/\/www.recepaydogdu.com\/index.php?rest_route=\/wp\/v2\/pages\/69"}],"collection":[{"href":"https:\/\/www.recepaydogdu.com\/index.php?rest_route=\/wp\/v2\/pages"}],"about":[{"href":"https:\/\/www.recepaydogdu.com\/index.php?rest_route=\/wp\/v2\/types\/page"}],"author":[{"embeddable":true,"href":"https:\/\/www.recepaydogdu.com\/index.php?rest_route=\/wp\/v2\/users\/1"}],"replies":[{"embeddable":true,"href":"https:\/\/www.recepaydogdu.com\/index.php?rest_route=%2Fwp%2Fv2%2Fcomments&post=69"}],"version-history":[{"count":24,"href":"https:\/\/www.recepaydogdu.com\/index.php?rest_route=\/wp\/v2\/pages\/69\/revisions"}],"predecessor-version":[{"id":599,"href":"https:\/\/www.recepaydogdu.com\/index.php?rest_route=\/wp\/v2\/pages\/69\/revisions\/599"}],"wp:attachment":[{"href":"https:\/\/www.recepaydogdu.com\/index.php?rest_route=%2Fwp%2Fv2%2Fmedia&parent=69"}],"curies":[{"name":"wp","href":"https:\/\/api.w.org\/{rel}","templated":true}]}}