{"id":586,"date":"2020-04-10T17:25:28","date_gmt":"2020-04-10T14:25:28","guid":{"rendered":"http:\/\/www.recepaydogdu.com\/?page_id=586"},"modified":"2020-04-12T03:45:08","modified_gmt":"2020-04-12T00:45:08","slug":"yazilarim-2","status":"publish","type":"page","link":"https:\/\/www.recepaydogdu.com\/?page_id=586","title":{"rendered":"Yaz\u0131lar\u0131m"},"content":{"rendered":"<p>&nbsp;<\/p>\n<p><a href=\"http:\/\/www.recepaydogdu.com\/?p=4\">Bursa\u2019ya Kom\u015fu K\u00fctahya \u0130li Tav\u015fanl\u0131 \u0130l\u00e7esine Ba\u011fl\u0131 Bir B\u00f6l\u00fcm K\u00f6y ve Beldelerin, Tarihi, Sosyal ve \u0130ktisadi Y\u00f6nden Yaz\u0131l\u0131 ve S\u00f6zl\u00fc Kaynaklardan \u0130ncelenmesi (1 Nisan 2003)<\/a><\/p>\n<p>&nbsp;<\/p>\n<p><a href=\"http:\/\/www.recepaydogdu.com\/?p=12\">D\u00fc\u015fte Uluda\u011f\u2019\u0131n Ard\u0131na Tarihi Yolculuk \u2013 Bursa ve K\u00fctahya Tarihinden Kesitler (24 \u015eubat 2004)<\/a><\/p>\n<p>&nbsp;<\/p>\n<p><a href=\"http:\/\/www.recepaydogdu.com\/?p=26\">Tun\u00e7bilek \u2013 Garp Linyitleri \u0130\u015fletmesinin \u0130ktisadi, Sosyal ve K\u00fclt\u00fcrel Hayata Etkileri (18 May\u0131s 2004)<\/a><\/p>\n<p>&nbsp;<\/p>\n<p><a href=\"http:\/\/www.recepaydogdu.com\/?p=41\">Tav\u015fanl\u0131 \u2013 Derbent K\u00f6y\u00fc (K\u00fctahya) ve \u00c7evresindeki K\u00f6ylerin Tarih ve K\u00fclt\u00fcr A\u00e7\u0131s\u0131ndan \u00d6nemi (19 Haziran 2004)<\/a><\/p>\n<p>&nbsp;<\/p>\n<p><a href=\"http:\/\/www.recepaydogdu.com\/?p=44\">\u0130stiklal Sava\u015f\u0131nda Derbent K\u00f6y\u00fc (26 Eyl\u00fcl 2004)<\/a><\/p>\n<p>&nbsp;<\/p>\n<p><a href=\"http:\/\/www.recepaydogdu.com\/?p=58\">Osmanl\u0131\u2019n\u0131n Kurulu\u015f D\u00f6nemine Yolculuk (K\u00f6se Mihal ve Harmankaya) (9 Aral\u0131k 2005)<\/a><\/p>\n<p>&nbsp;<\/p>\n<p><a href=\"http:\/\/www.recepaydogdu.com\/?p=67\">Domani\u00e7 \u2013 K\u0131r\u0131k K\u00f6y\u00fc (2 Haziran 2009)<\/a><\/p>\n<p>&nbsp;<\/p>\n<p><a href=\"http:\/\/www.recepaydogdu.com\/?p=376\" aria-current=\"page\">SSK Y\u0131llar\u0131m (6 \u015eubat 2012)<\/a><\/p>\n<p>&nbsp;<\/p>\n<p><a href=\"http:\/\/www.recepaydogdu.com\/?p=674\" aria-current=\"page\">Osmanl\u0131 \u0130mparatorlu\u011fu Devlet Te\u015fkilat\u0131\u2019n\u0131n Bir Unsuru Olarak \u201cDerbend\u201d Te\u015fkilat\u0131 (May\u0131s 2018) [Av. Bennar Aydo\u011fdu]<\/a><\/p>\n<p>&nbsp;<\/p>\n<p><a href=\"http:\/\/www.recepaydogdu.com\/?p=654\">Denemelerim (May\u0131s 2019)<\/a><\/p>\n<pre style=\"padding-left: 40px;\"><em>Giri\u015f<\/em>\r\n<em>Tav\u015fanl\u0131 Ara\u015ft\u0131rmalar\u0131 Dergisine Dair<\/em>\r\n<em>Bana Dair<\/em>\r\n<em>Eskicili\u011fe, Antikac\u0131l\u0131\u011fa Dair<\/em>\r\n<em>Derbent K\u00f6y\u00fcne Dair<\/em>\r\n<em>E\u015fen Derbendi ve I\u015f\u0131k Derbendine Dair<\/em><\/pre>\n<p>&nbsp;<\/p>\n<p><a href=\"http:\/\/www.recepaydogdu.com\/?p=568\">Osmanl\u0131\u2019n\u0131n Kurulu\u015f D\u00f6nemindeki S\u00f6\u011f\u00fct\u2019ten Domani\u00e7\u2019e G\u00f6\u00e7 Yollar\u0131 ile Bursa-K\u00fctahya \u015eehirleri Aras\u0131ndaki Ana Yollar\u0131n G\u00fczergah\u0131 ve Bug\u00fcn \u0130\u00e7in \u00d6nemi (24 Ekim 2019)<\/a><\/p>\n<p>&nbsp;<\/p>\n<p><a href=\"http:\/\/www.recepaydogdu.com\/?p=508\">Ak\u0131nc\u0131 Mihalo\u011fullar\u0131 Ailesi, Atas\u0131 ve Harmankaya (9 Nisan 2020)<\/a><\/p>\n<p>&nbsp;<\/p>\n<p>&nbsp;<\/p>\n","protected":false},"excerpt":{"rendered":"<p>&nbsp; Bursa\u2019ya Kom\u015fu K\u00fctahya \u0130li Tav\u015fanl\u0131 \u0130l\u00e7esine Ba\u011fl\u0131 Bir B\u00f6l\u00fcm K\u00f6y ve Beldelerin, Tarihi, Sosyal ve \u0130ktisadi Y\u00f6nden Yaz\u0131l\u0131 ve S\u00f6zl\u00fc Kaynaklardan \u0130ncelenmesi (1 Nisan 2003) &nbsp; D\u00fc\u015fte Uluda\u011f\u2019\u0131n Ard\u0131na Tarihi Yolculuk \u2013 Bursa ve K\u00fctahya Tarihinden Kesitler (24 \u015eubat 2004) &nbsp; Tun\u00e7bilek \u2013 Garp Linyitleri \u0130\u015fletmesinin \u0130ktisadi, Sosyal ve K\u00fclt\u00fcrel Hayata Etkileri (18 May\u0131s [&hellip;]<\/p>\n","protected":false},"author":2,"featured_media":0,"parent":0,"menu_order":0,"comment_status":"closed","ping_status":"closed","template":"","meta":[],"_links":{"self":[{"href":"https:\/\/www.recepaydogdu.com\/index.php?rest_route=\/wp\/v2\/pages\/586"}],"collection":[{"href":"https:\/\/www.recepaydogdu.com\/index.php?rest_route=\/wp\/v2\/pages"}],"about":[{"href":"https:\/\/www.recepaydogdu.com\/index.php?rest_route=\/wp\/v2\/types\/page"}],"author":[{"embeddable":true,"href":"https:\/\/www.recepaydogdu.com\/index.php?rest_route=\/wp\/v2\/users\/2"}],"replies":[{"embeddable":true,"href":"https:\/\/www.recepaydogdu.com\/index.php?rest_route=%2Fwp%2Fv2%2Fcomments&post=586"}],"version-history":[{"count":8,"href":"https:\/\/www.recepaydogdu.com\/index.php?rest_route=\/wp\/v2\/pages\/586\/revisions"}],"predecessor-version":[{"id":698,"href":"https:\/\/www.recepaydogdu.com\/index.php?rest_route=\/wp\/v2\/pages\/586\/revisions\/698"}],"wp:attachment":[{"href":"https:\/\/www.recepaydogdu.com\/index.php?rest_route=%2Fwp%2Fv2%2Fmedia&parent=586"}],"curies":[{"name":"wp","href":"https:\/\/api.w.org\/{rel}","templated":true}]}}