{"id":355,"date":"2012-07-12T02:52:48","date_gmt":"2012-07-11T23:52:48","guid":{"rendered":"http:\/\/www.recepaydogdu.com\/?page_id=355"},"modified":"2012-07-14T20:35:37","modified_gmt":"2012-07-14T17:35:37","slug":"hakkimda","status":"publish","type":"page","link":"https:\/\/www.recepaydogdu.com\/?page_id=355","title":{"rendered":"Hakk\u0131mda"},"content":{"rendered":"<p>&nbsp;<\/p>\n<p style=\"text-align: justify;\"><a href=\"http:\/\/www.recepaydogdu.com\/wp-content\/uploads\/2012\/07\/ra_reasonably_small.jpg\"><img decoding=\"async\" loading=\"lazy\" class=\"alignright  wp-image-411\" style=\"border: 1px solid black; margin: 0px 10px;\" title=\"Dt. Recep Aydo\u011fdu\" src=\"http:\/\/www.recepaydogdu.com\/wp-content\/uploads\/2012\/07\/ra_reasonably_small.jpg\" alt=\"\" width=\"128\" height=\"128\" srcset=\"https:\/\/www.recepaydogdu.com\/wp-content\/uploads\/2012\/07\/ra_reasonably_small.jpg 128w, https:\/\/www.recepaydogdu.com\/wp-content\/uploads\/2012\/07\/ra_reasonably_small-100x100.jpg 100w\" sizes=\"(max-width: 128px) 100vw, 128px\" \/><\/a>1952 K\u00fctahya-Tav\u015fanl\u0131 Derbent K\u00f6y\u00fc do\u011fumluyum. \u0130lk ve Orta \u00f6\u011frenimimi Tav\u015fanl\u0131&#8217;da, Y\u00fcksek \u00d6\u011frenimimi Ege \u00dcniversitesi Di\u015fhekimli\u011fi Fak\u00fcltesinde tamamlad\u0131m. 1977 y\u0131l\u0131ndan beri Bursa&#8217;da ikamet ediyorum. 1974 y\u0131l\u0131ndan beri serbest muayenehane hekimli\u011fi yap\u0131yorum. Uzun y\u0131llar Bursa&#8217;daki SSK sa\u011fl\u0131k tesislerinde \u00e7al\u0131\u015ft\u0131m. Memuriyet hayat\u0131m\u0131n \u00e7o\u011fu y\u00f6neticilik yaparak ge\u00e7ti. En son SSK Bursa B\u00f6lge Hastanesinde Ba\u015ftabip Yard\u0131mc\u0131l\u0131\u011f\u0131 yapt\u0131m. Bursa K\u0131z\u0131lay \u015eubesinde y\u00f6netici olarak \u00e7al\u0131\u015ft\u0131m. Bursa K\u0131z\u0131lay T\u0131p Merkezinin kurucular\u0131ndan\u0131m. Evli ve iki \u00e7ocuk babas\u0131y\u0131m.<\/p>\n<p style=\"text-align: left;\"><strong>Adres:<\/strong> \u015eehabettinpa\u015fa Mh. Alt\u0131parmak Cd. Alt\u0131nc\u0131 \u00c7atal Sk. \u00c7atalf\u0131r\u0131n-Kabao\u011flu \u0130\u015fhan\u0131 No:20\/1 K:3 D:7 16050 Osmangazi\/Bursa<\/p>\n<p style=\"text-align: left;\"><strong>Telefon:<\/strong> (224) 225 21 59<\/p>\n<p style=\"text-align: left;\"><strong>E-posta:<\/strong> ra@recepaydogdu.com<\/p>\n","protected":false},"excerpt":{"rendered":"<p>&nbsp; 1952 K\u00fctahya-Tav\u015fanl\u0131 Derbent K\u00f6y\u00fc do\u011fumluyum. \u0130lk ve Orta \u00f6\u011frenimimi Tav\u015fanl\u0131&#8217;da, Y\u00fcksek \u00d6\u011frenimimi Ege \u00dcniversitesi Di\u015fhekimli\u011fi Fak\u00fcltesinde tamamlad\u0131m. 1977 y\u0131l\u0131ndan beri Bursa&#8217;da ikamet ediyorum. 1974 y\u0131l\u0131ndan beri serbest muayenehane hekimli\u011fi yap\u0131yorum. Uzun y\u0131llar Bursa&#8217;daki SSK sa\u011fl\u0131k tesislerinde \u00e7al\u0131\u015ft\u0131m. Memuriyet hayat\u0131m\u0131n \u00e7o\u011fu y\u00f6neticilik yaparak ge\u00e7ti. En son SSK Bursa B\u00f6lge Hastanesinde Ba\u015ftabip Yard\u0131mc\u0131l\u0131\u011f\u0131 yapt\u0131m. Bursa K\u0131z\u0131lay [&hellip;]<\/p>\n","protected":false},"author":1,"featured_media":0,"parent":0,"menu_order":4,"comment_status":"closed","ping_status":"open","template":"","meta":[],"_links":{"self":[{"href":"https:\/\/www.recepaydogdu.com\/index.php?rest_route=\/wp\/v2\/pages\/355"}],"collection":[{"href":"https:\/\/www.recepaydogdu.com\/index.php?rest_route=\/wp\/v2\/pages"}],"about":[{"href":"https:\/\/www.recepaydogdu.com\/index.php?rest_route=\/wp\/v2\/types\/page"}],"author":[{"embeddable":true,"href":"https:\/\/www.recepaydogdu.com\/index.php?rest_route=\/wp\/v2\/users\/1"}],"replies":[{"embeddable":true,"href":"https:\/\/www.recepaydogdu.com\/index.php?rest_route=%2Fwp%2Fv2%2Fcomments&post=355"}],"version-history":[{"count":14,"href":"https:\/\/www.recepaydogdu.com\/index.php?rest_route=\/wp\/v2\/pages\/355\/revisions"}],"predecessor-version":[{"id":407,"href":"https:\/\/www.recepaydogdu.com\/index.php?rest_route=\/wp\/v2\/pages\/355\/revisions\/407"}],"wp:attachment":[{"href":"https:\/\/www.recepaydogdu.com\/index.php?rest_route=%2Fwp%2Fv2%2Fmedia&parent=355"}],"curies":[{"name":"wp","href":"https:\/\/api.w.org\/{rel}","templated":true}]}}