{"id":147,"date":"2012-07-12T02:07:49","date_gmt":"2012-07-11T23:07:49","guid":{"rendered":"http:\/\/www.recepaydogdu.com\/?page_id=147"},"modified":"2012-07-13T01:11:01","modified_gmt":"2012-07-12T22:11:01","slug":"fotograflar-2","status":"publish","type":"page","link":"https:\/\/www.recepaydogdu.com\/?page_id=147","title":{"rendered":"Foto\u011fraflar"},"content":{"rendered":"<p><a title=\"Derbent K\u00f6y\u00fc\" href=\"http:\/\/www.recepaydogdu.com\/?page_id=149\"><br \/>\nDerbent K\u00f6y\u00fc<\/a><\/p>\n<p><a title=\"K\u00f6se Mihal \u015eenli\u011fi (2005)\" href=\"http:\/\/www.recepaydogdu.com\/?page_id=206\">K\u00f6se Mihal \u015eenli\u011fi (2005)<\/a><\/p>\n<p><a title=\"K\u00f6se Mihal \u015eenli\u011fi (2006)\" href=\"http:\/\/www.recepaydogdu.com\/?page_id=275\">K\u00f6se Mihal \u015eenli\u011fi (2006)<\/a><\/p>\n","protected":false},"excerpt":{"rendered":"<p>Derbent K\u00f6y\u00fc K\u00f6se Mihal \u015eenli\u011fi (2005) K\u00f6se Mihal \u015eenli\u011fi (2006)<\/p>\n","protected":false},"author":1,"featured_media":0,"parent":0,"menu_order":2,"comment_status":"closed","ping_status":"open","template":"","meta":[],"_links":{"self":[{"href":"https:\/\/www.recepaydogdu.com\/index.php?rest_route=\/wp\/v2\/pages\/147"}],"collection":[{"href":"https:\/\/www.recepaydogdu.com\/index.php?rest_route=\/wp\/v2\/pages"}],"about":[{"href":"https:\/\/www.recepaydogdu.com\/index.php?rest_route=\/wp\/v2\/types\/page"}],"author":[{"embeddable":true,"href":"https:\/\/www.recepaydogdu.com\/index.php?rest_route=\/wp\/v2\/users\/1"}],"replies":[{"embeddable":true,"href":"https:\/\/www.recepaydogdu.com\/index.php?rest_route=%2Fwp%2Fv2%2Fcomments&post=147"}],"version-history":[{"count":6,"href":"https:\/\/www.recepaydogdu.com\/index.php?rest_route=\/wp\/v2\/pages\/147\/revisions"}],"predecessor-version":[{"id":449,"href":"https:\/\/www.recepaydogdu.com\/index.php?rest_route=\/wp\/v2\/pages\/147\/revisions\/449"}],"wp:attachment":[{"href":"https:\/\/www.recepaydogdu.com\/index.php?rest_route=%2Fwp%2Fv2%2Fmedia&parent=147"}],"curies":[{"name":"wp","href":"https:\/\/api.w.org\/{rel}","templated":true}]}}